{"id":699,"date":"2025-09-28T11:04:01","date_gmt":"2025-09-28T09:04:01","guid":{"rendered":"http:\/\/www.landgasthof-linden.de\/?page_id=699"},"modified":"2026-01-23T07:35:32","modified_gmt":"2026-01-23T06:35:32","slug":"impressum-2","status":"publish","type":"page","link":"https:\/\/www.landgasthof-linden.de\/?page_id=699","title":{"rendered":"Impressum"},"content":{"rendered":"\t\t<div data-elementor-type=\"wp-page\" data-elementor-id=\"699\" class=\"elementor elementor-699\" data-elementor-post-type=\"page\">\n\t\t\t\t<div class=\"elementor-element elementor-element-546298c e-flex e-con-boxed e-con e-parent\" data-id=\"546298c\" data-element_type=\"container\" data-e-type=\"container\">\n\t\t\t\t\t<div class=\"e-con-inner\">\n\t\t\t\t<div class=\"elementor-element elementor-element-af0cb00 elementor-widget elementor-widget-text-editor\" data-id=\"af0cb00\" data-element_type=\"widget\" data-e-type=\"widget\" data-widget_type=\"text-editor.default\">\n\t\t\t\t<div class=\"elementor-widget-container\">\n\t\t\t\t\t\t\t\t\t<div id=\"c31\" class=\"csc-default\">\n<h2>Impressum<\/h2>\n<\/div>\n<div id=\"c32\" class=\"csc-default\">\n<p class=\"bodytext\">Landgasthof-Hotel &#8222;Linden&#8220;<br>Linden 8, 84095 Furth (bei Landshut)<br>Tel. 08704-9212 0&nbsp;&nbsp; Fax 08704-9212 60<br>E-Mail: <a class=\"internal-link\" title=\"\u00d6ffnet internen Link im aktuellen Fenster\" href=\"https:\/\/www.landgasthof-linden.de\/impressum\/kontakt\/\">Kontaktformular<\/a><br>Inhaber: Lena Wiesinger<\/p>\n<p>Zust\u00e4ndige Beh\u00f6rde: LRA Landshut<br>UST-IDE: 128931965<\/p>\n<h6>Haftungsausschluss:<\/h6>\n<h6>Haftung f\u00fcr Inhalte<\/h6>\n<h6>Die Inhalte dieser Website wurden mit gr\u00f6\u00dfter Sorgfalt erstellt. F\u00fcr die Richtigkeit, Vollst\u00e4ndigkeit und Aktualit\u00e4t der Inhalte kann jedoch keine Gew\u00e4hr \u00fcbernommen werden. Als Diensteanbieter bin ich gem\u00e4\u00df \u00a7 7 Abs.1 TMG f\u00fcr eigene Inhalte auf diesen Seiten nach den allgemeinen Gesetzen verantwortlich. Nach \u00a7\u00a7 8 bis 10 TMG bin ich als Diensteanbieter jedoch nicht verpflichtet, \u00fcbermittelte oder gespeicherte fremde Informationen zu \u00fcberwachen oder nach Umst\u00e4nden zu forschen, die auf eine rechtswidrige T\u00e4tigkeit hinweisen. Verpflichtungen zur Entfernung oder Sperrung der Nutzung von Informationen nach den allgemeinen Gesetzen bleiben hiervon unber\u00fchrt. Eine diesbez\u00fcgliche Haftung ist jedoch erst ab dem Zeitpunkt der Kenntnis einer konkreten Rechtsverletzung m\u00f6glich. Bei Bekanntwerden von entsprechenden Rechtsverletzungen werde ich diese Inhalte umgehend entfernen.<\/h6>\n<h6>Haftung f\u00fcr Links<\/h6>\n<h6>Mein Angebot enth\u00e4lt Links zu externen Websites Dritter, auf deren Inhalte ich keinen Einfluss habe. Deshalb kann ich f\u00fcr diese fremden Inhalte auch keine Gew\u00e4hr \u00fcbernehmen. F\u00fcr die Inhalte der verlinkten Seiten ist stets der jeweilige Anbieter oder Betreiber der Seiten verantwortlich. Die verlinkten Seiten wurden zum Zeitpunkt der Verlinkung auf m\u00f6gliche Rechtsverst\u00f6\u00dfe \u00fcberpr\u00fcft. Rechtswidrige Inhalte waren zum Zeitpunkt der Verlinkung nicht erkennbar. Eine permanente inhaltliche Kontrolle der verlinkten Seiten ist jedoch ohne konkrete Anhaltspunkte einer Rechtsverletzung nicht zumutbar. Bei Bekanntwerden von Rechtsverletzungen werde ich derartige Links umgehend entfernen.<\/h6>\n<h6>Urheberrecht<\/h6>\n<h6>Die durch den Seitenbetreiber erstellten Inhalte und Werke auf diesen Seiten unterliegen dem deutschen Urheberrecht. Die Vervielf\u00e4ltigung, Bearbeitung, Verbreitung und jede Art der Verwertung au\u00dferhalb der Grenzen des Urheberrechtes bed\u00fcrfen der schriftlichen Zustimmung des jeweiligen Autors bzw. Erstellers. Downloads und Kopien dieser Seite sind nur f\u00fcr den privaten, nicht kommerziellen Gebrauch gestattet. Soweit die Inhalte auf dieser Seite nicht vom Betreiber erstellt wurden, werden die Urheberrechte Dritter beachtet. Insbesondere werden Inhalte Dritter als solche gekennzeichnet. Sollten Sie trotzdem auf eine Urheberrechtsverletzung aufmerksam werden, bitte ich um einen entsprechenden Hinweis. Bei Bekanntwerden von Rechtsverletzungen werde ich derartige Inhalte umgehend entfernen.<\/h6>\n<\/div>\n<div id=\"c33\" class=\"csc-default\">\n<div class=\"csc-header csc-header-n3\">\n<h1>Datenschutz<\/h1>\n<\/div>\n<div>\n<p class=\"bodytext\">Wir nehmen den Schutz Ihrer privaten Daten ernst und wir m\u00f6chten, da\u00df Sie sich beim Besuch unserer Internetseiten wohl f\u00fchlen.<br>Wenn Sie uns auf unseren Internetseiten besuchen, k\u00f6nnen Sie an verschiedenen Stellen pers\u00f6nliche Daten hinterlassen. Sie m\u00fcssen entscheiden, ob Sie das wollen oder nicht. Wenn Sie uns pers\u00f6nliche Daten anvertrauen, sind diese nach deutschem Recht gesch\u00fctzt und werden nicht an dritte weitergegeben.<\/p>\n<p>Diese Website enth\u00e4lt Links zu Servern, die von anderen Unternehmen gepflegt werden und deren Inhalte dem Landgasthof Linden und den Autoren nicht bekannt sind. Wir k\u00f6nnen hinsichtlich der Richtigkeit oder der Quelle der auf diesen Servern gefundenen Informationen bzw. hinsichtlich des Inhalts einer Datei, die der Anwender eventuell von der Website dritter Parteien downloaden m\u00f6chte, keine Gew\u00e4hr \u00fcbernehmen. Dar\u00fcber hinaus erkl\u00e4ren wir, da\u00df wir uns gem\u00e4\u00df der gesetzlichen Bestimmungen ausdr\u00fccklich von den Inhalten der externen Links distanzieren und uns diese Inhalte nicht zu eigen machen.<\/p>\n<p>Die Fotos auf dieser Homepage unterliegen dem Copyright des Seitenbetreibers.<\/p>\n<\/div>\n<\/div>\n<div id=\"c47\" class=\"csc-default\">\n<p class=\"bodytext\">Fotos: Celina Beck, Lena Wiesinger, Frank Ebert (www.frankebertfotografie.com)<\/p>\n<\/div>\n<div id=\"c46\" class=\"csc-default\">\n<h2>Technische Umsetzung<\/h2>\n<p>durch Beckproject<\/p>\n<\/div>\t\t\t\t\t\t\t\t<\/div>\n\t\t\t\t<\/div>\n\t\t\t\t\t<\/div>\n\t\t\t\t<\/div>\n\t\t\t\t<\/div>\n\t\t","protected":false},"excerpt":{"rendered":"<p>Impressum Landgasthof-Hotel &#8222;Linden&#8220;Linden 8, 84095 Furth (bei Landshut)Tel. 08704-9212 0&nbsp;&nbsp; Fax 08704-9212 60E-Mail: KontaktformularInhaber: Lena Wiesinger Zust\u00e4ndige Beh\u00f6rde: LRA LandshutUST-IDE: 128931965 Haftungsausschluss: Haftung f\u00fcr Inhalte Die Inhalte dieser Website wurden mit gr\u00f6\u00dfter Sorgfalt erstellt. F\u00fcr die Richtigkeit, Vollst\u00e4ndigkeit und Aktualit\u00e4t der Inhalte kann jedoch keine Gew\u00e4hr \u00fcbernommen werden. Als Diensteanbieter bin ich gem\u00e4\u00df \u00a7 7 [&hellip;]<\/p>\n","protected":false},"author":1,"featured_media":0,"parent":0,"menu_order":0,"comment_status":"closed","ping_status":"closed","template":"","meta":{"footnotes":""},"class_list":["post-699","page","type-page","status-publish","hentry"],"jetpack_sharing_enabled":true,"_links":{"self":[{"href":"https:\/\/www.landgasthof-linden.de\/index.php?rest_route=\/wp\/v2\/pages\/699","targetHints":{"allow":["GET"]}}],"collection":[{"href":"https:\/\/www.landgasthof-linden.de\/index.php?rest_route=\/wp\/v2\/pages"}],"about":[{"href":"https:\/\/www.landgasthof-linden.de\/index.php?rest_route=\/wp\/v2\/types\/page"}],"author":[{"embeddable":true,"href":"https:\/\/www.landgasthof-linden.de\/index.php?rest_route=\/wp\/v2\/users\/1"}],"replies":[{"embeddable":true,"href":"https:\/\/www.landgasthof-linden.de\/index.php?rest_route=%2Fwp%2Fv2%2Fcomments&post=699"}],"version-history":[{"count":13,"href":"https:\/\/www.landgasthof-linden.de\/index.php?rest_route=\/wp\/v2\/pages\/699\/revisions"}],"predecessor-version":[{"id":1162,"href":"https:\/\/www.landgasthof-linden.de\/index.php?rest_route=\/wp\/v2\/pages\/699\/revisions\/1162"}],"wp:attachment":[{"href":"https:\/\/www.landgasthof-linden.de\/index.php?rest_route=%2Fwp%2Fv2%2Fmedia&parent=699"}],"curies":[{"name":"wp","href":"https:\/\/api.w.org\/{rel}","templated":true}]}}